{"id":6307,"date":"2022-10-31T15:44:42","date_gmt":"2022-10-31T15:44:42","guid":{"rendered":"https:\/\/simplehouse.design\/house-plans\/sin%20categor\u00eda\/diseno-de-casa-de-2-dormitorios-h6\/"},"modified":"2025-11-04T19:18:36","modified_gmt":"2025-11-04T19:18:36","slug":"diseno-de-casa-de-2-dormitorios-h6","status":"publish","type":"product","link":"https:\/\/simplehouse.design\/es\/planos-de-casas\/planos-de-casas-2-dormitorios\/diseno-de-casa-de-2-dormitorios-h6\/","title":{"rendered":"Dise\u00f1o de Casa de 2 Dormitorios &#8211; H6"},"content":{"rendered":"\t\t<div data-elementor-type=\"product-post\" data-elementor-id=\"6307\" class=\"elementor elementor-6307 elementor-5498\">\n\t\t\t\t<div class=\"elementor-element elementor-element-906558f e-con-full e-flex e-con e-child\" data-id=\"906558f\" data-element_type=\"container\">\n\t\t\t\t<div class=\"elementor-element elementor-element-44ffd5e elementor-widget elementor-widget-image\" data-id=\"44ffd5e\" data-element_type=\"widget\" data-widget_type=\"image.default\">\n\t\t\t\t<div class=\"elementor-widget-container\">\n\t\t\t\t\t\t\t\t\t\t\t\t\t\t\t<img decoding=\"async\" src=\"https:\/\/simplehouse.design\/wp-content\/uploads\/elementor\/thumbs\/H6-Floor-Plan-px12u3jxkam3jj67boefrg39nlev4mag3df33enhie.jpg\" title=\"H6 &#8211; Floor Plan\" alt=\"simple 2 bedroom house floor plan\" loading=\"lazy\" \/>\t\t\t\t\t\t\t\t\t\t\t\t\t\t\t<\/div>\n\t\t\t\t<\/div>\n\t\t\t\t<div class=\"elementor-element elementor-element-1ee8419 elementor-align-center elementor-widget elementor-widget-button\" data-id=\"1ee8419\" data-element_type=\"widget\" data-widget_type=\"button.default\">\n\t\t\t\t<div class=\"elementor-widget-container\">\n\t\t\t\t\t\t\t\t\t<div class=\"elementor-button-wrapper\">\n\t\t\t\t\t<a class=\"elementor-button elementor-button-link elementor-size-sm\" href=\"https:\/\/simplehouse.design\/es\/planos-de-casas\/planos-de-casas-2-dormitorios\/diseno-de-casa-de-2-habitaciones-h6r-invertido\/\">\n\t\t\t\t\t\t<span class=\"elementor-button-content-wrapper\">\n\t\t\t\t\t\t<span class=\"elementor-button-icon\">\n\t\t\t\t<svg aria-hidden=\"true\" class=\"e-font-icon-svg e-fas-undo\" viewBox=\"0 0 512 512\" xmlns=\"http:\/\/www.w3.org\/2000\/svg\"><path d=\"M212.333 224.333H12c-6.627 0-12-5.373-12-12V12C0 5.373 5.373 0 12 0h48c6.627 0 12 5.373 12 12v78.112C117.773 39.279 184.26 7.47 258.175 8.007c136.906.994 246.448 111.623 246.157 248.532C504.041 393.258 393.12 504 256.333 504c-64.089 0-122.496-24.313-166.51-64.215-5.099-4.622-5.334-12.554-.467-17.42l33.967-33.967c4.474-4.474 11.662-4.717 16.401-.525C170.76 415.336 211.58 432 256.333 432c97.268 0 176-78.716 176-176 0-97.267-78.716-176-176-176-58.496 0-110.28 28.476-142.274 72.333h98.274c6.627 0 12 5.373 12 12v48c0 6.627-5.373 12-12 12z\"><\/path><\/svg>\t\t\t<\/span>\n\t\t\t\t\t\t\t\t\t<span class=\"elementor-button-text\">Haga clic para INVERTIR el plano<\/span>\n\t\t\t\t\t<\/span>\n\t\t\t\t\t<\/a>\n\t\t\t\t<\/div>\n\t\t\t\t\t\t\t\t<\/div>\n\t\t\t\t<\/div>\n\t\t\t\t<div class=\"elementor-element elementor-element-0bf902a elementor-align-left elementor-icon-list--layout-traditional elementor-list-item-link-full_width elementor-widget elementor-widget-icon-list\" data-id=\"0bf902a\" data-element_type=\"widget\" data-widget_type=\"icon-list.default\">\n\t\t\t\t<div class=\"elementor-widget-container\">\n\t\t\t\t\t\t\t<ul class=\"elementor-icon-list-items\">\n\t\t\t\t\t\t\t<li class=\"elementor-icon-list-item\">\n\t\t\t\t\t\t\t\t\t\t\t<span class=\"elementor-icon-list-icon\">\n\t\t\t\t\t\t\t<svg aria-hidden=\"true\" class=\"e-font-icon-svg e-fas-arrows-alt\" viewBox=\"0 0 512 512\" xmlns=\"http:\/\/www.w3.org\/2000\/svg\"><path d=\"M352.201 425.775l-79.196 79.196c-9.373 9.373-24.568 9.373-33.941 0l-79.196-79.196c-15.119-15.119-4.411-40.971 16.971-40.97h51.162L228 284H127.196v51.162c0 21.382-25.851 32.09-40.971 16.971L7.029 272.937c-9.373-9.373-9.373-24.569 0-33.941L86.225 159.8c15.119-15.119 40.971-4.411 40.971 16.971V228H228V127.196h-51.23c-21.382 0-32.09-25.851-16.971-40.971l79.196-79.196c9.373-9.373 24.568-9.373 33.941 0l79.196 79.196c15.119 15.119 4.411 40.971-16.971 40.971h-51.162V228h100.804v-51.162c0-21.382 25.851-32.09 40.97-16.971l79.196 79.196c9.373 9.373 9.373 24.569 0 33.941L425.773 352.2c-15.119 15.119-40.971 4.411-40.97-16.971V284H284v100.804h51.23c21.382 0 32.09 25.851 16.971 40.971z\"><\/path><\/svg>\t\t\t\t\t\t<\/span>\n\t\t\t\t\t\t\t\t\t\t<span class=\"elementor-icon-list-text\">DIMENSI\u00d3N: 9,80 x 12,00 m<\/span>\n\t\t\t\t\t\t\t\t\t<\/li>\n\t\t\t\t\t\t\t\t<li class=\"elementor-icon-list-item\">\n\t\t\t\t\t\t\t\t\t\t\t<span class=\"elementor-icon-list-icon\">\n\t\t\t\t\t\t\t<svg xmlns=\"http:\/\/www.w3.org\/2000\/svg\" width=\"24\" height=\"24\" viewBox=\"0 0 25 25\"><defs><pattern id=\"diagonalHatch\" patternUnits=\"userSpaceOnUse\" width=\"4\" height=\"4\" patternTransform=\"rotate(45)\"><line x1=\"0\" y=\"0\" x2=\"0\" y2=\"4\" stroke=\"currentColor\" stroke-width=\"1\"><\/line><\/pattern><\/defs><rect x=\"1.25\" y=\"1.25\" width=\"22.5\" height=\"22.5\" fill=\"url(#diagonalHatch)\" stroke=\"currentColor\" stroke-width=\"1.5\"><\/rect><\/svg>\t\t\t\t\t\t<\/span>\n\t\t\t\t\t\t\t\t\t\t<span class=\"elementor-icon-list-text\">\u00c1REA: 66,60 m\u00b2<\/span>\n\t\t\t\t\t\t\t\t\t<\/li>\n\t\t\t\t\t\t\t\t<li class=\"elementor-icon-list-item\">\n\t\t\t\t\t\t\t\t\t\t\t<span class=\"elementor-icon-list-icon\">\n\t\t\t\t\t\t\t<svg aria-hidden=\"true\" class=\"e-font-icon-svg e-fas-bed\" viewBox=\"0 0 640 512\" xmlns=\"http:\/\/www.w3.org\/2000\/svg\"><path d=\"M176 256c44.11 0 80-35.89 80-80s-35.89-80-80-80-80 35.89-80 80 35.89 80 80 80zm352-128H304c-8.84 0-16 7.16-16 16v144H64V80c0-8.84-7.16-16-16-16H16C7.16 64 0 71.16 0 80v352c0 8.84 7.16 16 16 16h32c8.84 0 16-7.16 16-16v-48h512v48c0 8.84 7.16 16 16 16h32c8.84 0 16-7.16 16-16V240c0-61.86-50.14-112-112-112z\"><\/path><\/svg>\t\t\t\t\t\t<\/span>\n\t\t\t\t\t\t\t\t\t\t<span class=\"elementor-icon-list-text\">2 Dormitorios (1 Suite)<\/span>\n\t\t\t\t\t\t\t\t\t<\/li>\n\t\t\t\t\t\t<\/ul>\n\t\t\t\t\t\t<\/div>\n\t\t\t\t<\/div>\n\t\t\t\t<div class=\"elementor-element elementor-element-da4eae3 elementor-widget elementor-widget-text-editor\" data-id=\"da4eae3\" data-element_type=\"widget\" data-widget_type=\"text-editor.default\">\n\t\t\t\t<div class=\"elementor-widget-container\">\n\t\t\t\t\t\t\t\t\t<p style=\"text-align: center;\">Dise\u00f1os Alternativos de Fachada<\/p>\t\t\t\t\t\t\t\t<\/div>\n\t\t\t\t<\/div>\n\t\t\t\t<div class=\"elementor-element elementor-element-28ab6a7 elementor-widget elementor-widget-text-editor\" data-id=\"28ab6a7\" data-element_type=\"widget\" data-widget_type=\"text-editor.default\">\n\t\t\t\t<div class=\"elementor-widget-container\">\n\t\t\t\t\t\t\t\t\t<h4 style=\"text-align: center;\"><strong>TOUR VIRTUAL 3D<\/strong><\/h4>\t\t\t\t\t\t\t\t<\/div>\n\t\t\t\t<\/div>\n\t\t\t\t<div class=\"elementor-element elementor-element-03255fe elementor-widget__width-initial elementor-widget-tablet__width-inherit elementor-widget-mobile__width-inherit elementor-widget elementor-widget-video\" data-id=\"03255fe\" data-element_type=\"widget\" data-settings=\"{&quot;youtube_url&quot;:&quot;https:\\\/\\\/youtu.be\\\/55q08XZY2wk&quot;,&quot;autoplay&quot;:&quot;yes&quot;,&quot;play_on_mobile&quot;:&quot;yes&quot;,&quot;mute&quot;:&quot;yes&quot;,&quot;lazy_load&quot;:&quot;yes&quot;,&quot;video_type&quot;:&quot;youtube&quot;,&quot;controls&quot;:&quot;yes&quot;}\" data-widget_type=\"video.default\">\n\t\t\t\t<div class=\"elementor-widget-container\">\n\t\t\t\t\t\t\t<div class=\"elementor-wrapper elementor-open-inline\">\n\t\t\t<div class=\"elementor-video\"><\/div>\t\t<\/div>\n\t\t\t\t\t\t<\/div>\n\t\t\t\t<\/div>\n\t\t\t\t<div class=\"elementor-element elementor-element-d750ebf elementor-widget__width-inherit elementor-widget elementor-widget-heading\" data-id=\"d750ebf\" data-element_type=\"widget\" data-widget_type=\"heading.default\">\n\t\t\t\t<div class=\"elementor-widget-container\">\n\t\t\t\t\t<h2 class=\"elementor-heading-title elementor-size-default\">Plano de Casa de 2 Habitaciones<\/h2>\t\t\t\t<\/div>\n\t\t\t\t<\/div>\n\t\t\t\t<div class=\"elementor-element elementor-element-7c712f5 elementor-widget elementor-widget-text-editor\" data-id=\"7c712f5\" data-element_type=\"widget\" data-widget_type=\"text-editor.default\">\n\t\t\t\t<div class=\"elementor-widget-container\">\n\t\t\t\t\t\t\t\t\tUna casa sencilla y c\u00f3moda, con porche delantero y garaje. Tiene un sal\u00f3n-comedor combinado y una cocina pr\u00e1ctica de buen tama\u00f1o, as\u00ed como un lavadero con espacio de almacenamiento. Con 2 dormitorios, uno de los cuales es una suite, la casa fue dise\u00f1ada para proporcionar funcionalidad y comodidad, con iluminaci\u00f3n y ventilaci\u00f3n naturales.\t\t\t\t\t\t\t\t<\/div>\n\t\t\t\t<\/div>\n\t\t\t\t<\/div>\n\t\t\t\t<\/div>\n\t\t","protected":false},"excerpt":{"rendered":"<p>Dimensi\u00f3n: 9,80m x 12,00m<br \/>\nArea: 66,60m\u00b2<br \/>\n2 Dormitorios (1 Suite)<\/p>\n","protected":false},"featured_media":6051,"template":"","meta":{"site-sidebar-layout":"default","site-content-layout":"default","ast-site-content-layout":"default","site-content-style":"default","site-sidebar-style":"default","ast-global-header-display":"","ast-banner-title-visibility":"","ast-main-header-display":"","ast-hfb-above-header-display":"","ast-hfb-below-header-display":"","ast-hfb-mobile-header-display":"","site-post-title":"","ast-breadcrumbs-content":"","ast-featured-img":"","footer-sml-layout":"","theme-transparent-header-meta":"default","adv-header-id-meta":"","stick-header-meta":"","header-above-stick-meta":"","header-main-stick-meta":"","header-below-stick-meta":"","astra-migrate-meta-layouts":"set","ast-page-background-enabled":"default","ast-page-background-meta":{"desktop":{"background-color":"","background-image":"","background-repeat":"repeat","background-position":"center center","background-size":"auto","background-attachment":"scroll","background-type":"","background-media":"","overlay-type":"","overlay-color":"","overlay-opacity":"","overlay-gradient":""},"tablet":{"background-color":"","background-image":"","background-repeat":"repeat","background-position":"center center","background-size":"auto","background-attachment":"scroll","background-type":"","background-media":"","overlay-type":"","overlay-color":"","overlay-opacity":"","overlay-gradient":""},"mobile":{"background-color":"","background-image":"","background-repeat":"repeat","background-position":"center center","background-size":"auto","background-attachment":"scroll","background-type":"","background-media":"","overlay-type":"","overlay-color":"","overlay-opacity":"","overlay-gradient":""}},"ast-content-background-meta":{"desktop":{"background-color":"var(--ast-global-color-5)","background-image":"","background-repeat":"repeat","background-position":"center center","background-size":"auto","background-attachment":"scroll","background-type":"","background-media":"","overlay-type":"","overlay-color":"","overlay-opacity":"","overlay-gradient":""},"tablet":{"background-color":"var(--ast-global-color-5)","background-image":"","background-repeat":"repeat","background-position":"center center","background-size":"auto","background-attachment":"scroll","background-type":"","background-media":"","overlay-type":"","overlay-color":"","overlay-opacity":"","overlay-gradient":""},"mobile":{"background-color":"var(--ast-global-color-5)","background-image":"","background-repeat":"repeat","background-position":"center center","background-size":"auto","background-attachment":"scroll","background-type":"","background-media":"","overlay-type":"","overlay-color":"","overlay-opacity":"","overlay-gradient":""}}},"product_brand":[],"product_cat":[47],"product_tag":[],"class_list":{"0":"post-6307","1":"product","2":"type-product","3":"status-publish","4":"has-post-thumbnail","6":"product_cat-planos-de-casas-2-dormitorios","7":"desktop-align-left","8":"tablet-align-left","9":"mobile-align-left","11":"first","12":"instock","13":"sale","14":"featured","15":"downloadable","16":"virtual","17":"sold-individually","18":"purchasable","19":"product-type-simple"},"yoast_head":"<!-- This site is optimized with the Yoast SEO plugin v25.9 - https:\/\/yoast.com\/wordpress\/plugins\/seo\/ -->\n<title>Dise\u00f1o de Casa de 2 Dormitorios - H6<\/title>\n<meta name=\"description\" content=\"Plano de Casa Sencilla de 2 Dormitorios Dise\u00f1o de casa simple y f\u00e1cil de construir. Dimensi\u00f3n: 9,80m x 12,00m. Vea ahora el Plano.\" \/>\n<meta name=\"robots\" content=\"index, follow, max-snippet:-1, max-image-preview:large, max-video-preview:-1\" \/>\n<link rel=\"canonical\" href=\"https:\/\/simplehouse.design\/es\/planos-de-casas\/planos-de-casas-2-dormitorios\/diseno-de-casa-de-2-dormitorios-h6\/\" \/>\n<meta property=\"og:locale\" content=\"es_ES\" \/>\n<meta property=\"og:type\" content=\"article\" \/>\n<meta property=\"og:title\" content=\"Dise\u00f1o de Casa de 2 Dormitorios - H6\" \/>\n<meta property=\"og:description\" content=\"Plano de Casa Sencilla de 2 Dormitorios Dise\u00f1o de casa simple y f\u00e1cil de construir. Dimensi\u00f3n: 9,80m x 12,00m. Vea ahora el Plano.\" \/>\n<meta property=\"og:url\" content=\"https:\/\/simplehouse.design\/es\/planos-de-casas\/planos-de-casas-2-dormitorios\/diseno-de-casa-de-2-dormitorios-h6\/\" \/>\n<meta property=\"og:site_name\" content=\"Simple House Design\" \/>\n<meta property=\"article:modified_time\" content=\"2025-11-04T19:18:36+00:00\" \/>\n<meta property=\"og:image\" content=\"https:\/\/simplehouse.design\/wp-content\/uploads\/2022\/10\/H6-IMG-1.jpg\" \/>\n\t<meta property=\"og:image:width\" content=\"1280\" \/>\n\t<meta property=\"og:image:height\" content=\"720\" \/>\n\t<meta property=\"og:image:type\" content=\"image\/jpeg\" \/>\n<meta name=\"twitter:card\" content=\"summary_large_image\" \/>\n<script type=\"application\/ld+json\" class=\"yoast-schema-graph\">{\"@context\":\"https:\/\/schema.org\",\"@graph\":[{\"@type\":\"WebPage\",\"@id\":\"https:\/\/simplehouse.design\/es\/planos-de-casas\/planos-de-casas-2-dormitorios\/diseno-de-casa-de-2-dormitorios-h6\/\",\"url\":\"https:\/\/simplehouse.design\/es\/planos-de-casas\/planos-de-casas-2-dormitorios\/diseno-de-casa-de-2-dormitorios-h6\/\",\"name\":\"Dise\u00f1o de Casa de 2 Dormitorios - H6\",\"isPartOf\":{\"@id\":\"https:\/\/simplehouse.design\/es\/#website\"},\"primaryImageOfPage\":{\"@id\":\"https:\/\/simplehouse.design\/es\/planos-de-casas\/planos-de-casas-2-dormitorios\/diseno-de-casa-de-2-dormitorios-h6\/#primaryimage\"},\"image\":{\"@id\":\"https:\/\/simplehouse.design\/es\/planos-de-casas\/planos-de-casas-2-dormitorios\/diseno-de-casa-de-2-dormitorios-h6\/#primaryimage\"},\"thumbnailUrl\":\"https:\/\/simplehouse.design\/wp-content\/uploads\/2022\/10\/H6-IMG-1.jpg\",\"datePublished\":\"2022-10-31T15:44:42+00:00\",\"dateModified\":\"2025-11-04T19:18:36+00:00\",\"description\":\"Plano de Casa Sencilla de 2 Dormitorios Dise\u00f1o de casa simple y f\u00e1cil de construir. Dimensi\u00f3n: 9,80m x 12,00m. Vea ahora el Plano.\",\"breadcrumb\":{\"@id\":\"https:\/\/simplehouse.design\/es\/planos-de-casas\/planos-de-casas-2-dormitorios\/diseno-de-casa-de-2-dormitorios-h6\/#breadcrumb\"},\"inLanguage\":\"es\",\"potentialAction\":[{\"@type\":\"ReadAction\",\"target\":[\"https:\/\/simplehouse.design\/es\/planos-de-casas\/planos-de-casas-2-dormitorios\/diseno-de-casa-de-2-dormitorios-h6\/\"]}]},{\"@type\":\"ImageObject\",\"inLanguage\":\"es\",\"@id\":\"https:\/\/simplehouse.design\/es\/planos-de-casas\/planos-de-casas-2-dormitorios\/diseno-de-casa-de-2-dormitorios-h6\/#primaryimage\",\"url\":\"https:\/\/simplehouse.design\/wp-content\/uploads\/2022\/10\/H6-IMG-1.jpg\",\"contentUrl\":\"https:\/\/simplehouse.design\/wp-content\/uploads\/2022\/10\/H6-IMG-1.jpg\",\"width\":1280,\"height\":720},{\"@type\":\"BreadcrumbList\",\"@id\":\"https:\/\/simplehouse.design\/es\/planos-de-casas\/planos-de-casas-2-dormitorios\/diseno-de-casa-de-2-dormitorios-h6\/#breadcrumb\",\"itemListElement\":[{\"@type\":\"ListItem\",\"position\":1,\"name\":\"Home\",\"item\":\"https:\/\/simplehouse.design\/es\/\"},{\"@type\":\"ListItem\",\"position\":2,\"name\":\"Planos de Casas\",\"item\":\"https:\/\/simplehouse.design\/es\/planos-de-casas\/\"},{\"@type\":\"ListItem\",\"position\":3,\"name\":\"Dise\u00f1o de Casa de 2 Dormitorios &#8211; H6\"}]},{\"@type\":\"WebSite\",\"@id\":\"https:\/\/simplehouse.design\/es\/#website\",\"url\":\"https:\/\/simplehouse.design\/es\/\",\"name\":\"Simple House Design\",\"description\":\"House Plans &amp; Floor Plans\",\"publisher\":{\"@id\":\"https:\/\/simplehouse.design\/es\/#organization\"},\"potentialAction\":[{\"@type\":\"SearchAction\",\"target\":{\"@type\":\"EntryPoint\",\"urlTemplate\":\"https:\/\/simplehouse.design\/es\/?s={search_term_string}\"},\"query-input\":{\"@type\":\"PropertyValueSpecification\",\"valueRequired\":true,\"valueName\":\"search_term_string\"}}],\"inLanguage\":\"es\"},{\"@type\":\"Organization\",\"@id\":\"https:\/\/simplehouse.design\/es\/#organization\",\"name\":\"Simple House Design\",\"url\":\"https:\/\/simplehouse.design\/es\/\",\"logo\":{\"@type\":\"ImageObject\",\"inLanguage\":\"es\",\"@id\":\"https:\/\/simplehouse.design\/es\/#\/schema\/logo\/image\/\",\"url\":\"https:\/\/simplehouse.design\/wp-content\/uploads\/2022\/07\/SHD-LOGO-fb.png\",\"contentUrl\":\"https:\/\/simplehouse.design\/wp-content\/uploads\/2022\/07\/SHD-LOGO-fb.png\",\"width\":997,\"height\":441,\"caption\":\"Simple House Design\"},\"image\":{\"@id\":\"https:\/\/simplehouse.design\/es\/#\/schema\/logo\/image\/\"},\"sameAs\":[\"https:\/\/www.youtube.com\/c\/SimpleHouseDesign\",\"https:\/\/www.instagram.com\/simplehouse.design\/\",\"https:\/\/pinterest.com\/simplehouse_design\/\"]}]}<\/script>\n<!-- \/ Yoast SEO plugin. -->","yoast_head_json":{"title":"Dise\u00f1o de Casa de 2 Dormitorios - H6","description":"Plano de Casa Sencilla de 2 Dormitorios Dise\u00f1o de casa simple y f\u00e1cil de construir. Dimensi\u00f3n: 9,80m x 12,00m. Vea ahora el Plano.","robots":{"index":"index","follow":"follow","max-snippet":"max-snippet:-1","max-image-preview":"max-image-preview:large","max-video-preview":"max-video-preview:-1"},"canonical":"https:\/\/simplehouse.design\/es\/planos-de-casas\/planos-de-casas-2-dormitorios\/diseno-de-casa-de-2-dormitorios-h6\/","og_locale":"es_ES","og_type":"article","og_title":"Dise\u00f1o de Casa de 2 Dormitorios - H6","og_description":"Plano de Casa Sencilla de 2 Dormitorios Dise\u00f1o de casa simple y f\u00e1cil de construir. Dimensi\u00f3n: 9,80m x 12,00m. Vea ahora el Plano.","og_url":"https:\/\/simplehouse.design\/es\/planos-de-casas\/planos-de-casas-2-dormitorios\/diseno-de-casa-de-2-dormitorios-h6\/","og_site_name":"Simple House Design","article_modified_time":"2025-11-04T19:18:36+00:00","og_image":[{"width":1280,"height":720,"url":"https:\/\/simplehouse.design\/wp-content\/uploads\/2022\/10\/H6-IMG-1.jpg","type":"image\/jpeg"}],"twitter_card":"summary_large_image","schema":{"@context":"https:\/\/schema.org","@graph":[{"@type":"WebPage","@id":"https:\/\/simplehouse.design\/es\/planos-de-casas\/planos-de-casas-2-dormitorios\/diseno-de-casa-de-2-dormitorios-h6\/","url":"https:\/\/simplehouse.design\/es\/planos-de-casas\/planos-de-casas-2-dormitorios\/diseno-de-casa-de-2-dormitorios-h6\/","name":"Dise\u00f1o de Casa de 2 Dormitorios - H6","isPartOf":{"@id":"https:\/\/simplehouse.design\/es\/#website"},"primaryImageOfPage":{"@id":"https:\/\/simplehouse.design\/es\/planos-de-casas\/planos-de-casas-2-dormitorios\/diseno-de-casa-de-2-dormitorios-h6\/#primaryimage"},"image":{"@id":"https:\/\/simplehouse.design\/es\/planos-de-casas\/planos-de-casas-2-dormitorios\/diseno-de-casa-de-2-dormitorios-h6\/#primaryimage"},"thumbnailUrl":"https:\/\/simplehouse.design\/wp-content\/uploads\/2022\/10\/H6-IMG-1.jpg","datePublished":"2022-10-31T15:44:42+00:00","dateModified":"2025-11-04T19:18:36+00:00","description":"Plano de Casa Sencilla de 2 Dormitorios Dise\u00f1o de casa simple y f\u00e1cil de construir. Dimensi\u00f3n: 9,80m x 12,00m. Vea ahora el Plano.","breadcrumb":{"@id":"https:\/\/simplehouse.design\/es\/planos-de-casas\/planos-de-casas-2-dormitorios\/diseno-de-casa-de-2-dormitorios-h6\/#breadcrumb"},"inLanguage":"es","potentialAction":[{"@type":"ReadAction","target":["https:\/\/simplehouse.design\/es\/planos-de-casas\/planos-de-casas-2-dormitorios\/diseno-de-casa-de-2-dormitorios-h6\/"]}]},{"@type":"ImageObject","inLanguage":"es","@id":"https:\/\/simplehouse.design\/es\/planos-de-casas\/planos-de-casas-2-dormitorios\/diseno-de-casa-de-2-dormitorios-h6\/#primaryimage","url":"https:\/\/simplehouse.design\/wp-content\/uploads\/2022\/10\/H6-IMG-1.jpg","contentUrl":"https:\/\/simplehouse.design\/wp-content\/uploads\/2022\/10\/H6-IMG-1.jpg","width":1280,"height":720},{"@type":"BreadcrumbList","@id":"https:\/\/simplehouse.design\/es\/planos-de-casas\/planos-de-casas-2-dormitorios\/diseno-de-casa-de-2-dormitorios-h6\/#breadcrumb","itemListElement":[{"@type":"ListItem","position":1,"name":"Home","item":"https:\/\/simplehouse.design\/es\/"},{"@type":"ListItem","position":2,"name":"Planos de Casas","item":"https:\/\/simplehouse.design\/es\/planos-de-casas\/"},{"@type":"ListItem","position":3,"name":"Dise\u00f1o de Casa de 2 Dormitorios &#8211; H6"}]},{"@type":"WebSite","@id":"https:\/\/simplehouse.design\/es\/#website","url":"https:\/\/simplehouse.design\/es\/","name":"Simple House Design","description":"House Plans &amp; Floor Plans","publisher":{"@id":"https:\/\/simplehouse.design\/es\/#organization"},"potentialAction":[{"@type":"SearchAction","target":{"@type":"EntryPoint","urlTemplate":"https:\/\/simplehouse.design\/es\/?s={search_term_string}"},"query-input":{"@type":"PropertyValueSpecification","valueRequired":true,"valueName":"search_term_string"}}],"inLanguage":"es"},{"@type":"Organization","@id":"https:\/\/simplehouse.design\/es\/#organization","name":"Simple House Design","url":"https:\/\/simplehouse.design\/es\/","logo":{"@type":"ImageObject","inLanguage":"es","@id":"https:\/\/simplehouse.design\/es\/#\/schema\/logo\/image\/","url":"https:\/\/simplehouse.design\/wp-content\/uploads\/2022\/07\/SHD-LOGO-fb.png","contentUrl":"https:\/\/simplehouse.design\/wp-content\/uploads\/2022\/07\/SHD-LOGO-fb.png","width":997,"height":441,"caption":"Simple House Design"},"image":{"@id":"https:\/\/simplehouse.design\/es\/#\/schema\/logo\/image\/"},"sameAs":["https:\/\/www.youtube.com\/c\/SimpleHouseDesign","https:\/\/www.instagram.com\/simplehouse.design\/","https:\/\/pinterest.com\/simplehouse_design\/"]}]}},"_links":{"self":[{"href":"https:\/\/simplehouse.design\/es\/wp-json\/wp\/v2\/product\/6307","targetHints":{"allow":["GET"]}}],"collection":[{"href":"https:\/\/simplehouse.design\/es\/wp-json\/wp\/v2\/product"}],"about":[{"href":"https:\/\/simplehouse.design\/es\/wp-json\/wp\/v2\/types\/product"}],"version-history":[{"count":6,"href":"https:\/\/simplehouse.design\/es\/wp-json\/wp\/v2\/product\/6307\/revisions"}],"predecessor-version":[{"id":7909,"href":"https:\/\/simplehouse.design\/es\/wp-json\/wp\/v2\/product\/6307\/revisions\/7909"}],"wp:featuredmedia":[{"embeddable":true,"href":"https:\/\/simplehouse.design\/es\/wp-json\/wp\/v2\/media\/6051"}],"wp:attachment":[{"href":"https:\/\/simplehouse.design\/es\/wp-json\/wp\/v2\/media?parent=6307"}],"wp:term":[{"taxonomy":"product_brand","embeddable":true,"href":"https:\/\/simplehouse.design\/es\/wp-json\/wp\/v2\/product_brand?post=6307"},{"taxonomy":"product_cat","embeddable":true,"href":"https:\/\/simplehouse.design\/es\/wp-json\/wp\/v2\/product_cat?post=6307"},{"taxonomy":"product_tag","embeddable":true,"href":"https:\/\/simplehouse.design\/es\/wp-json\/wp\/v2\/product_tag?post=6307"}],"curies":[{"name":"wp","href":"https:\/\/api.w.org\/{rel}","templated":true}]}}