{"id":6944,"date":"2025-03-31T11:59:27","date_gmt":"2025-03-31T11:59:27","guid":{"rendered":"https:\/\/simplehouse.design\/terminos-y-condiciones\/"},"modified":"2025-03-31T12:17:34","modified_gmt":"2025-03-31T12:17:34","slug":"terminos-y-condiciones","status":"publish","type":"page","link":"https:\/\/simplehouse.design\/es\/terminos-y-condiciones\/","title":{"rendered":"T\u00e9rminos y Condiciones"},"content":{"rendered":"\n<p><strong>1.<\/strong> El producto se entrega de forma 100% electr\u00f3nica, inmediatamente despu\u00e9s de la confirmaci\u00f3n del pago, a la direcci\u00f3n de correo electr\u00f3nico facilitada por el cliente en el momento de la compra.<\/p>\n\n<p><strong>2.<\/strong> Todos los contactos y cualquier pregunta relacionada con el producto y el servicio pueden dirigirse a trav\u00e9s de nuestros canales de asistencia, que figuran en la p\u00e1gina \u00abContacto\u00bb de <a href=\"https:\/\/simplehouse.design\/es\/contacto\/\">https:\/\/simplehouse.design\/es\/contacto<\/a>.<\/p>\n\n<p><strong>3.<\/strong> La compra es definitiva y no puede devolverse ni cambiarse en los casos en que ya se haya completado la descarga del archivo, ya que el sitio web ofrece una vista previa del proyecto con im\u00e1genes, v\u00eddeos e informaci\u00f3n sobre los elementos que se entregar\u00e1n electr\u00f3nicamente tras la compra. Si los archivos no se han descargado, el cliente tiene derecho a solicitar el reembolso \u00edntegro en un plazo de 7 d\u00edas a partir de la fecha de compra, sin gastos adicionales.<\/p>\n\n<p><strong>4.<\/strong> simplehouse.design conserva la propiedad intelectual de los proyectos y contenidos presentados. Queda prohibida la reproducci\u00f3n total o parcial, donaci\u00f3n, transferencia, uso compartido o cualquier forma de distribuci\u00f3n o reproducci\u00f3n de los contenidos proporcionados.<\/p>\n\n<p><strong>5.<\/strong> En ning\u00fan caso simplehouse.design ser\u00e1 responsable de los da\u00f1os derivados del uso o la imposibilidad de uso de los materiales proporcionados.<\/p>\n","protected":false},"excerpt":{"rendered":"<p>1. El producto se entrega de forma 100% electr\u00f3nica, inmediatamente despu\u00e9s de la confirmaci\u00f3n del pago, a la direcci\u00f3n de correo electr\u00f3nico facilitada por el cliente en el momento de la compra. 2. Todos los contactos y cualquier pregunta relacionada con el producto y el servicio pueden dirigirse a trav\u00e9s de nuestros canales de asistencia, [&hellip;]<\/p>\n","protected":false},"author":1,"featured_media":0,"parent":0,"menu_order":0,"comment_status":"closed","ping_status":"closed","template":"","meta":{"site-sidebar-layout":"default","site-content-layout":"","ast-site-content-layout":"default","site-content-style":"default","site-sidebar-style":"default","ast-global-header-display":"","ast-banner-title-visibility":"","ast-main-header-display":"","ast-hfb-above-header-display":"","ast-hfb-below-header-display":"","ast-hfb-mobile-header-display":"","site-post-title":"","ast-breadcrumbs-content":"","ast-featured-img":"","footer-sml-layout":"","ast-disable-related-posts":"","theme-transparent-header-meta":"","adv-header-id-meta":"","stick-header-meta":"","header-above-stick-meta":"","header-main-stick-meta":"","header-below-stick-meta":"","astra-migrate-meta-layouts":"default","ast-page-background-enabled":"default","ast-page-background-meta":{"desktop":{"background-color":"","background-image":"","background-repeat":"repeat","background-position":"center center","background-size":"auto","background-attachment":"scroll","background-type":"","background-media":"","overlay-type":"","overlay-color":"","overlay-opacity":"","overlay-gradient":""},"tablet":{"background-color":"","background-image":"","background-repeat":"repeat","background-position":"center center","background-size":"auto","background-attachment":"scroll","background-type":"","background-media":"","overlay-type":"","overlay-color":"","overlay-opacity":"","overlay-gradient":""},"mobile":{"background-color":"","background-image":"","background-repeat":"repeat","background-position":"center center","background-size":"auto","background-attachment":"scroll","background-type":"","background-media":"","overlay-type":"","overlay-color":"","overlay-opacity":"","overlay-gradient":""}},"ast-content-background-meta":{"desktop":{"background-color":"var(--ast-global-color-5)","background-image":"","background-repeat":"repeat","background-position":"center center","background-size":"auto","background-attachment":"scroll","background-type":"","background-media":"","overlay-type":"","overlay-color":"","overlay-opacity":"","overlay-gradient":""},"tablet":{"background-color":"var(--ast-global-color-5)","background-image":"","background-repeat":"repeat","background-position":"center center","background-size":"auto","background-attachment":"scroll","background-type":"","background-media":"","overlay-type":"","overlay-color":"","overlay-opacity":"","overlay-gradient":""},"mobile":{"background-color":"var(--ast-global-color-5)","background-image":"","background-repeat":"repeat","background-position":"center center","background-size":"auto","background-attachment":"scroll","background-type":"","background-media":"","overlay-type":"","overlay-color":"","overlay-opacity":"","overlay-gradient":""}},"footnotes":""},"class_list":["post-6944","page","type-page","status-publish","hentry"],"yoast_head":"<!-- This site is optimized with the Yoast SEO plugin v25.9 - https:\/\/yoast.com\/wordpress\/plugins\/seo\/ -->\n<title>T\u00e9rminos y Condiciones | Simple House Design<\/title>\n<meta name=\"robots\" content=\"index, follow, max-snippet:-1, max-image-preview:large, max-video-preview:-1\" \/>\n<link rel=\"canonical\" href=\"https:\/\/simplehouse.design\/es\/terminos-y-condiciones\/\" \/>\n<meta property=\"og:locale\" content=\"es_ES\" \/>\n<meta property=\"og:type\" content=\"article\" \/>\n<meta property=\"og:title\" content=\"T\u00e9rminos y Condiciones | Simple House Design\" \/>\n<meta property=\"og:description\" content=\"1. El producto se entrega de forma 100% electr\u00f3nica, inmediatamente despu\u00e9s de la confirmaci\u00f3n del pago, a la direcci\u00f3n de correo electr\u00f3nico facilitada por el cliente en el momento de la compra. 2. Todos los contactos y cualquier pregunta relacionada con el producto y el servicio pueden dirigirse a trav\u00e9s de nuestros canales de asistencia, [&hellip;]\" \/>\n<meta property=\"og:url\" content=\"https:\/\/simplehouse.design\/es\/terminos-y-condiciones\/\" \/>\n<meta property=\"og:site_name\" content=\"Simple House Design\" \/>\n<meta property=\"article:modified_time\" content=\"2025-03-31T12:17:34+00:00\" \/>\n<meta name=\"twitter:card\" content=\"summary_large_image\" \/>\n<meta name=\"twitter:label1\" content=\"Tiempo de lectura\" \/>\n\t<meta name=\"twitter:data1\" content=\"1 minuto\" \/>\n<script type=\"application\/ld+json\" class=\"yoast-schema-graph\">{\"@context\":\"https:\/\/schema.org\",\"@graph\":[{\"@type\":\"WebPage\",\"@id\":\"https:\/\/simplehouse.design\/es\/terminos-y-condiciones\/\",\"url\":\"https:\/\/simplehouse.design\/es\/terminos-y-condiciones\/\",\"name\":\"T\u00e9rminos y Condiciones | Simple House Design\",\"isPartOf\":{\"@id\":\"https:\/\/simplehouse.design\/es\/#website\"},\"datePublished\":\"2025-03-31T11:59:27+00:00\",\"dateModified\":\"2025-03-31T12:17:34+00:00\",\"breadcrumb\":{\"@id\":\"https:\/\/simplehouse.design\/es\/terminos-y-condiciones\/#breadcrumb\"},\"inLanguage\":\"es\",\"potentialAction\":[{\"@type\":\"ReadAction\",\"target\":[\"https:\/\/simplehouse.design\/es\/terminos-y-condiciones\/\"]}]},{\"@type\":\"BreadcrumbList\",\"@id\":\"https:\/\/simplehouse.design\/es\/terminos-y-condiciones\/#breadcrumb\",\"itemListElement\":[{\"@type\":\"ListItem\",\"position\":1,\"name\":\"Home\",\"item\":\"https:\/\/simplehouse.design\/es\/\"},{\"@type\":\"ListItem\",\"position\":2,\"name\":\"T\u00e9rminos y Condiciones\"}]},{\"@type\":\"WebSite\",\"@id\":\"https:\/\/simplehouse.design\/es\/#website\",\"url\":\"https:\/\/simplehouse.design\/es\/\",\"name\":\"Simple House Design\",\"description\":\"House Plans &amp; Floor Plans\",\"publisher\":{\"@id\":\"https:\/\/simplehouse.design\/es\/#organization\"},\"potentialAction\":[{\"@type\":\"SearchAction\",\"target\":{\"@type\":\"EntryPoint\",\"urlTemplate\":\"https:\/\/simplehouse.design\/es\/?s={search_term_string}\"},\"query-input\":{\"@type\":\"PropertyValueSpecification\",\"valueRequired\":true,\"valueName\":\"search_term_string\"}}],\"inLanguage\":\"es\"},{\"@type\":\"Organization\",\"@id\":\"https:\/\/simplehouse.design\/es\/#organization\",\"name\":\"Simple House Design\",\"url\":\"https:\/\/simplehouse.design\/es\/\",\"logo\":{\"@type\":\"ImageObject\",\"inLanguage\":\"es\",\"@id\":\"https:\/\/simplehouse.design\/es\/#\/schema\/logo\/image\/\",\"url\":\"https:\/\/simplehouse.design\/wp-content\/uploads\/2022\/07\/SHD-LOGO-fb.png\",\"contentUrl\":\"https:\/\/simplehouse.design\/wp-content\/uploads\/2022\/07\/SHD-LOGO-fb.png\",\"width\":997,\"height\":441,\"caption\":\"Simple House Design\"},\"image\":{\"@id\":\"https:\/\/simplehouse.design\/es\/#\/schema\/logo\/image\/\"},\"sameAs\":[\"https:\/\/www.youtube.com\/c\/SimpleHouseDesign\",\"https:\/\/www.instagram.com\/simplehouse.design\/\",\"https:\/\/pinterest.com\/simplehouse_design\/\"]}]}<\/script>\n<!-- \/ Yoast SEO plugin. -->","yoast_head_json":{"title":"T\u00e9rminos y Condiciones | Simple House Design","robots":{"index":"index","follow":"follow","max-snippet":"max-snippet:-1","max-image-preview":"max-image-preview:large","max-video-preview":"max-video-preview:-1"},"canonical":"https:\/\/simplehouse.design\/es\/terminos-y-condiciones\/","og_locale":"es_ES","og_type":"article","og_title":"T\u00e9rminos y Condiciones | Simple House Design","og_description":"1. El producto se entrega de forma 100% electr\u00f3nica, inmediatamente despu\u00e9s de la confirmaci\u00f3n del pago, a la direcci\u00f3n de correo electr\u00f3nico facilitada por el cliente en el momento de la compra. 2. Todos los contactos y cualquier pregunta relacionada con el producto y el servicio pueden dirigirse a trav\u00e9s de nuestros canales de asistencia, [&hellip;]","og_url":"https:\/\/simplehouse.design\/es\/terminos-y-condiciones\/","og_site_name":"Simple House Design","article_modified_time":"2025-03-31T12:17:34+00:00","twitter_card":"summary_large_image","twitter_misc":{"Tiempo de lectura":"1 minuto"},"schema":{"@context":"https:\/\/schema.org","@graph":[{"@type":"WebPage","@id":"https:\/\/simplehouse.design\/es\/terminos-y-condiciones\/","url":"https:\/\/simplehouse.design\/es\/terminos-y-condiciones\/","name":"T\u00e9rminos y Condiciones | Simple House Design","isPartOf":{"@id":"https:\/\/simplehouse.design\/es\/#website"},"datePublished":"2025-03-31T11:59:27+00:00","dateModified":"2025-03-31T12:17:34+00:00","breadcrumb":{"@id":"https:\/\/simplehouse.design\/es\/terminos-y-condiciones\/#breadcrumb"},"inLanguage":"es","potentialAction":[{"@type":"ReadAction","target":["https:\/\/simplehouse.design\/es\/terminos-y-condiciones\/"]}]},{"@type":"BreadcrumbList","@id":"https:\/\/simplehouse.design\/es\/terminos-y-condiciones\/#breadcrumb","itemListElement":[{"@type":"ListItem","position":1,"name":"Home","item":"https:\/\/simplehouse.design\/es\/"},{"@type":"ListItem","position":2,"name":"T\u00e9rminos y Condiciones"}]},{"@type":"WebSite","@id":"https:\/\/simplehouse.design\/es\/#website","url":"https:\/\/simplehouse.design\/es\/","name":"Simple House Design","description":"House Plans &amp; Floor Plans","publisher":{"@id":"https:\/\/simplehouse.design\/es\/#organization"},"potentialAction":[{"@type":"SearchAction","target":{"@type":"EntryPoint","urlTemplate":"https:\/\/simplehouse.design\/es\/?s={search_term_string}"},"query-input":{"@type":"PropertyValueSpecification","valueRequired":true,"valueName":"search_term_string"}}],"inLanguage":"es"},{"@type":"Organization","@id":"https:\/\/simplehouse.design\/es\/#organization","name":"Simple House Design","url":"https:\/\/simplehouse.design\/es\/","logo":{"@type":"ImageObject","inLanguage":"es","@id":"https:\/\/simplehouse.design\/es\/#\/schema\/logo\/image\/","url":"https:\/\/simplehouse.design\/wp-content\/uploads\/2022\/07\/SHD-LOGO-fb.png","contentUrl":"https:\/\/simplehouse.design\/wp-content\/uploads\/2022\/07\/SHD-LOGO-fb.png","width":997,"height":441,"caption":"Simple House Design"},"image":{"@id":"https:\/\/simplehouse.design\/es\/#\/schema\/logo\/image\/"},"sameAs":["https:\/\/www.youtube.com\/c\/SimpleHouseDesign","https:\/\/www.instagram.com\/simplehouse.design\/","https:\/\/pinterest.com\/simplehouse_design\/"]}]}},"_links":{"self":[{"href":"https:\/\/simplehouse.design\/es\/wp-json\/wp\/v2\/pages\/6944","targetHints":{"allow":["GET"]}}],"collection":[{"href":"https:\/\/simplehouse.design\/es\/wp-json\/wp\/v2\/pages"}],"about":[{"href":"https:\/\/simplehouse.design\/es\/wp-json\/wp\/v2\/types\/page"}],"author":[{"embeddable":true,"href":"https:\/\/simplehouse.design\/es\/wp-json\/wp\/v2\/users\/1"}],"replies":[{"embeddable":true,"href":"https:\/\/simplehouse.design\/es\/wp-json\/wp\/v2\/comments?post=6944"}],"version-history":[{"count":1,"href":"https:\/\/simplehouse.design\/es\/wp-json\/wp\/v2\/pages\/6944\/revisions"}],"predecessor-version":[{"id":6945,"href":"https:\/\/simplehouse.design\/es\/wp-json\/wp\/v2\/pages\/6944\/revisions\/6945"}],"wp:attachment":[{"href":"https:\/\/simplehouse.design\/es\/wp-json\/wp\/v2\/media?parent=6944"}],"curies":[{"name":"wp","href":"https:\/\/api.w.org\/{rel}","templated":true}]}}