{"id":6321,"date":"2022-06-14T21:27:32","date_gmt":"2022-06-14T21:27:32","guid":{"rendered":"https:\/\/simplehouse.design\/politica-de-privacidad\/"},"modified":"2023-04-01T14:13:52","modified_gmt":"2023-04-01T14:13:52","slug":"politica-de-privacidad","status":"publish","type":"page","link":"https:\/\/simplehouse.design\/es\/politica-de-privacidad\/","title":{"rendered":"Pol\u00edtica de Privacidad"},"content":{"rendered":"\n<h1 class=\"wp-block-heading\"><strong>Pol\u00edtica de Privacidad de Simple House Design<\/strong><\/h1>\n\n<p>En Simple House Design, accesible desde <a href=\"https:\/\/simplehouse.design\/es\/\">https:\/\/simplehouse.design\/<\/a>, nos tomamos muy en serio su privacidad. Nos comprometemos a proteger su informaci\u00f3n personal y a garantizar el respeto de su privacidad. Esta Pol\u00edtica de Privacidad explica c\u00f3mo recogemos, utilizamos y protegemos su informaci\u00f3n personal cuando utiliza nuestro sitio web.<\/p>\n\n<p>Esta Pol\u00edtica de Privacidad se aplica s\u00f3lo a nuestras actividades en l\u00ednea y es v\u00e1lida para los visitantes de nuestro sitio web con respecto a la informaci\u00f3n que compartieron y \/ o recoger en Simple House Design. Esta pol\u00edtica no es aplicable a ninguna informaci\u00f3n recopilada fuera de l\u00ednea o a trav\u00e9s de canales distintos de este sitio web.<\/p>\n\n<h3 class=\"wp-block-heading\">Consentimiento<\/h3>\n\n<p>Al utilizar nuestro sitio web, usted da su consentimiento a nuestra Pol\u00edtica de Privacidad y acepta sus t\u00e9rminos.<\/p>\n\n<h3 class=\"wp-block-heading\">Recopilaci\u00f3n de informaci\u00f3n personal<\/h3>\n\n<p>Cuando utiliza nuestro sitio web, podemos recopilar la informaci\u00f3n personal que nos proporciona, como su nombre, direcci\u00f3n de correo electr\u00f3nico, direcci\u00f3n de env\u00edo e informaci\u00f3n de pago. Tambi\u00e9n podemos recopilar informaci\u00f3n no personal sobre su uso de nuestro sitio web, como las p\u00e1ginas que visita, los enlaces en los que hace clic y la fecha y hora de su visita.<\/p>\n\n<h3 class=\"wp-block-heading\">Uso de la informaci\u00f3n personal<\/h3>\n\n<p>Utilizamos su informaci\u00f3n personal para procesar sus pedidos, satisfacer sus solicitudes y mejorar nuestro sitio web y nuestros servicios. Tambi\u00e9n podemos utilizar su informaci\u00f3n personal para enviarle correos electr\u00f3nicos promocionales o boletines informativos, pero usted puede optar por no recibir estas comunicaciones en cualquier momento.<\/p>\n\n<h3 class=\"wp-block-heading\">Compartir informaci\u00f3n personal<\/h3>\n\n<p>No compartimos su informaci\u00f3n personal con terceros para sus fines comerciales. Sin embargo, podemos compartir su informaci\u00f3n personal con nuestros proveedores de servicios que nos ayudan a procesar sus pedidos, enviar sus productos o gestionar nuestro sitio web.<\/p>\n\n<h3 class=\"wp-block-heading\">Protecci\u00f3n de la informaci\u00f3n personal<\/h3>\n\n<p>Tomamos medidas razonables para proteger su informaci\u00f3n personal contra el acceso, uso o divulgaci\u00f3n no autorizados. Utilizamos tecnolog\u00edas y procedimientos seguros para proteger su informaci\u00f3n personal. Sin embargo, no se puede garantizar al 100% la seguridad de ninguna transmisi\u00f3n de datos por Internet. Por lo tanto, no podemos garantizar la seguridad de la informaci\u00f3n que nos transmita.<\/p>\n\n<h3 class=\"wp-block-heading\">Cookies<\/h3>\n\n<p>Utilizamos cookies en nuestro sitio web para mejorar su experiencia de usuario. Las cookies son peque\u00f1os archivos de texto que se colocan en su dispositivo cuando visita nuestro sitio web. Utilizamos cookies para almacenar sus preferencias, personalizar su experiencia y realizar un seguimiento de sus actividades en nuestro sitio web. Puede controlar las cookies ajustando la configuraci\u00f3n de su navegador, pero tenga en cuenta que desactivar las cookies puede limitar su capacidad para utilizar determinadas funciones de nuestro sitio web.<\/p>\n\n<h3 class=\"wp-block-heading\">Enlaces de terceros<\/h3>\n\n<p>Nuestro sitio web puede contener enlaces a sitios web de terceros. No somos responsables de las pr\u00e1cticas de privacidad ni del contenido de estos sitios web. Le recomendamos que revise las pol\u00edticas de privacidad de estos sitios web antes de proporcionar cualquier informaci\u00f3n personal.<\/p>\n\n<h3 class=\"wp-block-heading\">Cambios en la pol\u00edtica de privacidad<\/h3>\n\n<p>Nos reservamos el derecho a modificar esta Pol\u00edtica de Privacidad en cualquier momento. Si realizamos cambios en esta pol\u00edtica, publicaremos la pol\u00edtica actualizada en nuestro sitio web e indicaremos la fecha de la \u00faltima actualizaci\u00f3n. El uso continuado de nuestro sitio web despu\u00e9s de la publicaci\u00f3n de los cambios constituye su aceptaci\u00f3n de la pol\u00edtica actualizada.<\/p>\n\n<h3 class=\"wp-block-heading\">Cont\u00e1ctenos<\/h3>\n\n<p>Si tiene alguna pregunta o duda sobre esta pol\u00edtica de privacidad, p\u00f3ngase en contacto con nosotros en <a href=\"mailto:contact@simplehouse.design\">contact@simplehouse.design<\/a>.<\/p>\n","protected":false},"excerpt":{"rendered":"<p>Pol\u00edtica de Privacidad de Simple House Design En Simple House Design, accesible desde https:\/\/simplehouse.design\/, nos tomamos muy en serio su privacidad. Nos comprometemos a proteger su informaci\u00f3n personal y a garantizar el respeto de su privacidad. Esta Pol\u00edtica de Privacidad explica c\u00f3mo recogemos, utilizamos y protegemos su informaci\u00f3n personal cuando utiliza nuestro sitio web. Esta [&hellip;]<\/p>\n","protected":false},"author":1,"featured_media":0,"parent":0,"menu_order":0,"comment_status":"closed","ping_status":"open","template":"","meta":{"site-sidebar-layout":"default","site-content-layout":"","ast-site-content-layout":"default","site-content-style":"default","site-sidebar-style":"default","ast-global-header-display":"","ast-banner-title-visibility":"","ast-main-header-display":"","ast-hfb-above-header-display":"","ast-hfb-below-header-display":"","ast-hfb-mobile-header-display":"","site-post-title":"disabled","ast-breadcrumbs-content":"","ast-featured-img":"","footer-sml-layout":"","ast-disable-related-posts":"","theme-transparent-header-meta":"","adv-header-id-meta":"","stick-header-meta":"","header-above-stick-meta":"","header-main-stick-meta":"","header-below-stick-meta":"","astra-migrate-meta-layouts":"default","ast-page-background-enabled":"default","ast-page-background-meta":{"desktop":{"background-color":"","background-image":"","background-repeat":"repeat","background-position":"center center","background-size":"auto","background-attachment":"scroll","background-type":"","background-media":"","overlay-type":"","overlay-color":"","overlay-opacity":"","overlay-gradient":""},"tablet":{"background-color":"","background-image":"","background-repeat":"repeat","background-position":"center center","background-size":"auto","background-attachment":"scroll","background-type":"","background-media":"","overlay-type":"","overlay-color":"","overlay-opacity":"","overlay-gradient":""},"mobile":{"background-color":"","background-image":"","background-repeat":"repeat","background-position":"center center","background-size":"auto","background-attachment":"scroll","background-type":"","background-media":"","overlay-type":"","overlay-color":"","overlay-opacity":"","overlay-gradient":""}},"ast-content-background-meta":{"desktop":{"background-color":"var(--ast-global-color-5)","background-image":"","background-repeat":"repeat","background-position":"center center","background-size":"auto","background-attachment":"scroll","background-type":"","background-media":"","overlay-type":"","overlay-color":"","overlay-opacity":"","overlay-gradient":""},"tablet":{"background-color":"var(--ast-global-color-5)","background-image":"","background-repeat":"repeat","background-position":"center center","background-size":"auto","background-attachment":"scroll","background-type":"","background-media":"","overlay-type":"","overlay-color":"","overlay-opacity":"","overlay-gradient":""},"mobile":{"background-color":"var(--ast-global-color-5)","background-image":"","background-repeat":"repeat","background-position":"center center","background-size":"auto","background-attachment":"scroll","background-type":"","background-media":"","overlay-type":"","overlay-color":"","overlay-opacity":"","overlay-gradient":""}},"footnotes":""},"class_list":["post-6321","page","type-page","status-publish","hentry"],"yoast_head":"<!-- This site is optimized with the Yoast SEO plugin v25.9 - https:\/\/yoast.com\/wordpress\/plugins\/seo\/ -->\n<title>Pol\u00edtica de Privacidad | Simple House Design<\/title>\n<meta name=\"robots\" content=\"index, follow, max-snippet:-1, max-image-preview:large, max-video-preview:-1\" \/>\n<link rel=\"canonical\" href=\"https:\/\/simplehouse.design\/es\/politica-de-privacidad\/\" \/>\n<meta property=\"og:locale\" content=\"es_ES\" \/>\n<meta property=\"og:type\" content=\"article\" \/>\n<meta property=\"og:title\" content=\"Pol\u00edtica de Privacidad | Simple House Design\" \/>\n<meta property=\"og:description\" content=\"Pol\u00edtica de Privacidad de Simple House Design En Simple House Design, accesible desde https:\/\/simplehouse.design\/, nos tomamos muy en serio su privacidad. Nos comprometemos a proteger su informaci\u00f3n personal y a garantizar el respeto de su privacidad. Esta Pol\u00edtica de Privacidad explica c\u00f3mo recogemos, utilizamos y protegemos su informaci\u00f3n personal cuando utiliza nuestro sitio web. Esta [&hellip;]\" \/>\n<meta property=\"og:url\" content=\"https:\/\/simplehouse.design\/es\/politica-de-privacidad\/\" \/>\n<meta property=\"og:site_name\" content=\"Simple House Design\" \/>\n<meta property=\"article:modified_time\" content=\"2023-04-01T14:13:52+00:00\" \/>\n<meta name=\"twitter:card\" content=\"summary_large_image\" \/>\n<meta name=\"twitter:label1\" content=\"Tiempo de lectura\" \/>\n\t<meta name=\"twitter:data1\" content=\"3 minutos\" \/>\n<script type=\"application\/ld+json\" class=\"yoast-schema-graph\">{\"@context\":\"https:\/\/schema.org\",\"@graph\":[{\"@type\":\"WebPage\",\"@id\":\"https:\/\/simplehouse.design\/es\/politica-de-privacidad\/\",\"url\":\"https:\/\/simplehouse.design\/es\/politica-de-privacidad\/\",\"name\":\"Pol\u00edtica de Privacidad | Simple House Design\",\"isPartOf\":{\"@id\":\"https:\/\/simplehouse.design\/es\/#website\"},\"datePublished\":\"2022-06-14T21:27:32+00:00\",\"dateModified\":\"2023-04-01T14:13:52+00:00\",\"breadcrumb\":{\"@id\":\"https:\/\/simplehouse.design\/es\/politica-de-privacidad\/#breadcrumb\"},\"inLanguage\":\"es\",\"potentialAction\":[{\"@type\":\"ReadAction\",\"target\":[\"https:\/\/simplehouse.design\/es\/politica-de-privacidad\/\"]}]},{\"@type\":\"BreadcrumbList\",\"@id\":\"https:\/\/simplehouse.design\/es\/politica-de-privacidad\/#breadcrumb\",\"itemListElement\":[{\"@type\":\"ListItem\",\"position\":1,\"name\":\"Home\",\"item\":\"https:\/\/simplehouse.design\/es\/\"},{\"@type\":\"ListItem\",\"position\":2,\"name\":\"Pol\u00edtica de Privacidad\"}]},{\"@type\":\"WebSite\",\"@id\":\"https:\/\/simplehouse.design\/es\/#website\",\"url\":\"https:\/\/simplehouse.design\/es\/\",\"name\":\"Simple House Design\",\"description\":\"House Plans &amp; Floor Plans\",\"publisher\":{\"@id\":\"https:\/\/simplehouse.design\/es\/#organization\"},\"potentialAction\":[{\"@type\":\"SearchAction\",\"target\":{\"@type\":\"EntryPoint\",\"urlTemplate\":\"https:\/\/simplehouse.design\/es\/?s={search_term_string}\"},\"query-input\":{\"@type\":\"PropertyValueSpecification\",\"valueRequired\":true,\"valueName\":\"search_term_string\"}}],\"inLanguage\":\"es\"},{\"@type\":\"Organization\",\"@id\":\"https:\/\/simplehouse.design\/es\/#organization\",\"name\":\"Simple House Design\",\"url\":\"https:\/\/simplehouse.design\/es\/\",\"logo\":{\"@type\":\"ImageObject\",\"inLanguage\":\"es\",\"@id\":\"https:\/\/simplehouse.design\/es\/#\/schema\/logo\/image\/\",\"url\":\"https:\/\/simplehouse.design\/wp-content\/uploads\/2022\/07\/SHD-LOGO-fb.png\",\"contentUrl\":\"https:\/\/simplehouse.design\/wp-content\/uploads\/2022\/07\/SHD-LOGO-fb.png\",\"width\":997,\"height\":441,\"caption\":\"Simple House Design\"},\"image\":{\"@id\":\"https:\/\/simplehouse.design\/es\/#\/schema\/logo\/image\/\"},\"sameAs\":[\"https:\/\/www.youtube.com\/c\/SimpleHouseDesign\",\"https:\/\/www.instagram.com\/simplehouse.design\/\",\"https:\/\/pinterest.com\/simplehouse_design\/\"]}]}<\/script>\n<!-- \/ Yoast SEO plugin. -->","yoast_head_json":{"title":"Pol\u00edtica de Privacidad | Simple House Design","robots":{"index":"index","follow":"follow","max-snippet":"max-snippet:-1","max-image-preview":"max-image-preview:large","max-video-preview":"max-video-preview:-1"},"canonical":"https:\/\/simplehouse.design\/es\/politica-de-privacidad\/","og_locale":"es_ES","og_type":"article","og_title":"Pol\u00edtica de Privacidad | Simple House Design","og_description":"Pol\u00edtica de Privacidad de Simple House Design En Simple House Design, accesible desde https:\/\/simplehouse.design\/, nos tomamos muy en serio su privacidad. Nos comprometemos a proteger su informaci\u00f3n personal y a garantizar el respeto de su privacidad. Esta Pol\u00edtica de Privacidad explica c\u00f3mo recogemos, utilizamos y protegemos su informaci\u00f3n personal cuando utiliza nuestro sitio web. Esta [&hellip;]","og_url":"https:\/\/simplehouse.design\/es\/politica-de-privacidad\/","og_site_name":"Simple House Design","article_modified_time":"2023-04-01T14:13:52+00:00","twitter_card":"summary_large_image","twitter_misc":{"Tiempo de lectura":"3 minutos"},"schema":{"@context":"https:\/\/schema.org","@graph":[{"@type":"WebPage","@id":"https:\/\/simplehouse.design\/es\/politica-de-privacidad\/","url":"https:\/\/simplehouse.design\/es\/politica-de-privacidad\/","name":"Pol\u00edtica de Privacidad | Simple House Design","isPartOf":{"@id":"https:\/\/simplehouse.design\/es\/#website"},"datePublished":"2022-06-14T21:27:32+00:00","dateModified":"2023-04-01T14:13:52+00:00","breadcrumb":{"@id":"https:\/\/simplehouse.design\/es\/politica-de-privacidad\/#breadcrumb"},"inLanguage":"es","potentialAction":[{"@type":"ReadAction","target":["https:\/\/simplehouse.design\/es\/politica-de-privacidad\/"]}]},{"@type":"BreadcrumbList","@id":"https:\/\/simplehouse.design\/es\/politica-de-privacidad\/#breadcrumb","itemListElement":[{"@type":"ListItem","position":1,"name":"Home","item":"https:\/\/simplehouse.design\/es\/"},{"@type":"ListItem","position":2,"name":"Pol\u00edtica de Privacidad"}]},{"@type":"WebSite","@id":"https:\/\/simplehouse.design\/es\/#website","url":"https:\/\/simplehouse.design\/es\/","name":"Simple House Design","description":"House Plans &amp; Floor Plans","publisher":{"@id":"https:\/\/simplehouse.design\/es\/#organization"},"potentialAction":[{"@type":"SearchAction","target":{"@type":"EntryPoint","urlTemplate":"https:\/\/simplehouse.design\/es\/?s={search_term_string}"},"query-input":{"@type":"PropertyValueSpecification","valueRequired":true,"valueName":"search_term_string"}}],"inLanguage":"es"},{"@type":"Organization","@id":"https:\/\/simplehouse.design\/es\/#organization","name":"Simple House Design","url":"https:\/\/simplehouse.design\/es\/","logo":{"@type":"ImageObject","inLanguage":"es","@id":"https:\/\/simplehouse.design\/es\/#\/schema\/logo\/image\/","url":"https:\/\/simplehouse.design\/wp-content\/uploads\/2022\/07\/SHD-LOGO-fb.png","contentUrl":"https:\/\/simplehouse.design\/wp-content\/uploads\/2022\/07\/SHD-LOGO-fb.png","width":997,"height":441,"caption":"Simple House Design"},"image":{"@id":"https:\/\/simplehouse.design\/es\/#\/schema\/logo\/image\/"},"sameAs":["https:\/\/www.youtube.com\/c\/SimpleHouseDesign","https:\/\/www.instagram.com\/simplehouse.design\/","https:\/\/pinterest.com\/simplehouse_design\/"]}]}},"_links":{"self":[{"href":"https:\/\/simplehouse.design\/es\/wp-json\/wp\/v2\/pages\/6321","targetHints":{"allow":["GET"]}}],"collection":[{"href":"https:\/\/simplehouse.design\/es\/wp-json\/wp\/v2\/pages"}],"about":[{"href":"https:\/\/simplehouse.design\/es\/wp-json\/wp\/v2\/types\/page"}],"author":[{"embeddable":true,"href":"https:\/\/simplehouse.design\/es\/wp-json\/wp\/v2\/users\/1"}],"replies":[{"embeddable":true,"href":"https:\/\/simplehouse.design\/es\/wp-json\/wp\/v2\/comments?post=6321"}],"version-history":[{"count":1,"href":"https:\/\/simplehouse.design\/es\/wp-json\/wp\/v2\/pages\/6321\/revisions"}],"predecessor-version":[{"id":6322,"href":"https:\/\/simplehouse.design\/es\/wp-json\/wp\/v2\/pages\/6321\/revisions\/6322"}],"wp:attachment":[{"href":"https:\/\/simplehouse.design\/es\/wp-json\/wp\/v2\/media?parent=6321"}],"curies":[{"name":"wp","href":"https:\/\/api.w.org\/{rel}","templated":true}]}}